{"id":405,"date":"2024-07-24T09:32:45","date_gmt":"2024-07-24T09:32:45","guid":{"rendered":"https:\/\/roaldagroup.com\/politica-de-privacidad\/"},"modified":"2025-10-09T07:29:20","modified_gmt":"2025-10-09T07:29:20","slug":"politica-de-privacitat","status":"publish","type":"page","link":"https:\/\/roaldagroup.com\/ca\/politica-de-privacitat\/","title":{"rendered":"Pol\u00edtica de privacitat"},"content":{"rendered":"<section class=\"text_content_text_1_1 background-1-light\" data-block-id=\"69dad04b1db0a69dad04b1db0b\">\r\n    <div class=\"container\">\r\n        <div class=\"row\">\r\n            <div class=\"col\">\r\n                <div class=\"content-theme\">\r\n                                        <div class=\"texto color-1-headings-dark tamano7\">\r\n                        <h2 style=\"text-align: center\">POL\u00cdTICA DE PRIVACITAT DEL LLOC WEB<br \/>https:\/\/roaldagroup.com\/ca\/<\/h2>\n<h3>I. POL\u00cdTICA DE PRIVACITAT I PROTECCI\u00d3 DE DADES<\/h3>\n<p>Respectant el que s&#8217;estableix en la legislaci\u00f3 vigent, Nom empresa\/persona (en endavant, tamb\u00e9 Lloc Web) es compromet a adoptar les mesures t\u00e8cniques i organitzatives necess\u00e0ries, segons el nivell de seguretat adequat al risc de les dades recollides.<\/p>\n<h4>Lleis que incorpora aquesta pol\u00edtica de privacitat<\/h4>\n<p>Aquesta pol\u00edtica de privacitat est\u00e0 adaptada a la normativa espanyola i europea vigent en mat\u00e8ria de protecci\u00f3 de dades personals a internet. En concret, la mateixa respecta les seg\u00fcents normes:<\/p>\n<ul>\n<li>El Reglament (UE) 2016\/679 del Parlament Europeu i del Consell, de 27 d&#8217;abril de 2016 (RGPD).<\/li>\n<li>La Llei Org\u00e0nica 3\/2018, de 5 de desembre (LOPD-GDD).<\/li>\n<li>El Reial decret 1720\/2007, de 21 de desembre (RDLOPD).<\/li>\n<li>La Llei 34\/2002, de 11 de juliol (LSSI-CE).<\/li>\n<\/ul>\n<h4>Identitat del responsable del tractament de les dades personals<\/h4>\n<p>\n  El Responsable del tractament de les dades personals recollides a Nom empresa\/persona \u00e9s: <strong>  Leboso de Brito<\/strong>, amb NIF: <strong>55180937G<\/strong>.\n<\/p>\n<p>\n  Les seves dades de contacte s\u00f3n:<br \/>\n  adre\u00e7a: Plaza vapor ventall\u00f3, 08221, Tarrassa<br \/>\n  tel\u00e8fon de contacte: 697326428<br \/>\n  correu electr\u00f2nic: roaldagroup@gmail.com\n<\/p>\n<h4>Registre de Dades de Car\u00e0cter Personal<\/h4>\n<p>En compliment del RGPD i la LOPD-GDD, li informem que les dades personals recollides mitjan\u00e7ant formularis seran tractades amb la finalitat de facilitar, agilitar i complir els compromisos establerts amb l&#8217;Usuari o atendre una sol\u00b7licitud.<\/p>\n<h4>Principis aplicables al tractament de les dades personals<\/h4>\n<p>Segons l\u2019article 5 del RGPD i l\u2019article 4 de la LOPD-GDD:<\/p>\n<ul>\n<li>Licitud, lleialtat i transpar\u00e8ncia<\/li>\n<li>Limitaci\u00f3 de la finalitat<\/li>\n<li>Minimitzaci\u00f3 de dades<\/li>\n<li>Exactitud<\/li>\n<li>Limitaci\u00f3 del termini de conservaci\u00f3<\/li>\n<li>Integritat i confidencialitat<\/li>\n<li>Responsabilitat proactiva<\/li>\n<\/ul>\n<h4>Categories de dades personals<\/h4>\n<p>Es tracten \u00fanicament dades identificatives. No es tracten categories especials de dades personals segons l&#8217;article 9 del RGPD.<\/p>\n<h4>Base legal per al tractament<\/h4>\n<p>La base legal \u00e9s el consentiment expr\u00e9s i verificable de l\u2019Usuari.<\/p>\n<h4>Objectius del tractament<\/h4>\n<p>Facilitar, agilitar i complir els compromisos entre el Lloc Web i l\u2019Usuari, atendre consultes, aix\u00ed com amb finalitats comercials, estad\u00edstiques i de m\u00e0rqueting.<\/p>\n<h4>Per\u00edodes de retenci\u00f3<\/h4>\n<p>Les dades es conservaran durant el temps necessari per a les finalitats indicades o fins que l&#8217;Usuari sol\u00b7liciti la seva eliminaci\u00f3.<\/p>\n<h4>Destinataris<\/h4>\n<p>Les dades no es compartiran amb tercers, llevat d\u2019obligaci\u00f3 legal.<\/p>\n<h4>Dades personals de menors<\/h4>\n<p>Nom\u00e9s majors de 14 anys poden atorgar consentiment. En cas contrari, cal el consentiment dels pares o tutors.<\/p>\n<h4>Secret i seguretat<\/h4>\n<p>El lloc web disposa de mesures t\u00e8cniques (com SSL) per protegir les dades. No obstant aix\u00f2, no es pot garantir la seguretat absoluta d\u2019internet.<\/p>\n<h4>Drets derivats<\/h4>\n<p>L\u2019Usuari pot exercir els seg\u00fcents drets:<\/p>\n<ul>\n<li>Dret d&#8217;acc\u00e9s<\/li>\n<li>Dret de rectificaci\u00f3<\/li>\n<li>Dret de supressi\u00f3 (dret a l&#8217;oblit)<\/li>\n<li>Dret a la limitaci\u00f3 del tractament<\/li>\n<li>Dret a la portabilitat de les dades<\/li>\n<li>Dret d&#8217;oposici\u00f3<\/li>\n<li>Dret a no ser objecte de decisions automatitzades<\/li>\n<\/ul>\n<p>Per exercir aquests drets, s\u2019ha de remetre comunicaci\u00f3 amb:<\/p>\n<ul>\n<li>Nom i cognoms + c\u00f2pia DNI<\/li>\n<li>Petici\u00f3 concreta<\/li>\n<li>Domicili per notificacions<\/li>\n<li>Data i signatura<\/li>\n<li>Documents acreditatius si escau<\/li>\n<\/ul>\n<p>Enviar a:<br \/>Adre\u00e7a: Plaza vapor ventall\u00f3, 08221, Tarrassa<br \/>Correu electr\u00f2nic: roaldagroup@gmail.com<\/p>\n<h4>Enlla\u00e7os a llocs web de tercers<\/h4>\n<p>El Lloc Web pot contenir enlla\u00e7os a tercers, els quals tenen les seves pr\u00f2pies pol\u00edtiques de privacitat.<\/p>\n<h4>Reclamacions davant l&#8217;autoritat de control<\/h4>\n<p>Es pot presentar una reclamaci\u00f3 davant l\u2019AEPD: <a href=\"https:\/\/www.aepd.es\/\" target=\"_blank\">www.aepd.es<\/a><\/p>\n<h3>II. ACCEPTACI\u00d3 I CANVIS EN AQUESTA POL\u00cdTICA DE PRIVACITAT<\/h3>\n<p>L\u2019\u00fas del Lloc Web implica l\u2019acceptaci\u00f3 d\u2019aquesta Pol\u00edtica de Privacitat. Ens reservem el dret de modificar-la per motius legals o criteris propis.<\/p>\n<p>Aquesta pol\u00edtica va ser actualitzada el 18\/02\/2024 conforme al RGPD i a la LOPD-GDD.<\/p>\n<p>Document creat amb el generador de plantilles de pol\u00edtica de privacitat online.<\/p>\n                    <\/div>\r\n                                    <\/div>\r\n            <\/div>\r\n        <\/div>\r\n    <\/div>\r\n<\/section>\r\n<style>\r\n    .text_content_text_1_1 h1 {\r\n        padding-bottom: 60px;\r\n        font-size: var(--tamano1-font-size);\r\n        font-weight: var(--tamano1-font-weight);\r\n        line-height: var(--tamano1-line-height);\r\n        letter-spacing: var(--tamano1-letter-spacing);\r\n        font-family: var(--tamano1-font-family);\r\n        color: var(--color-2-headings-dark);\r\n    }\r\n\r\n    .text_content_text_1_1 h2 {\r\n        padding-bottom: 60px;\r\n        font-size: var(--tamano2-font-size);\r\n        font-weight: var(--tamano2-font-weight);\r\n        line-height: var(--tamano2-line-height);\r\n        letter-spacing: var(--tamano2-letter-spacing);\r\n        font-family: var(--tamano2-font-family);\r\n        color: var(--color-2-headings-dark);\r\n    }\r\n\r\n    .text_content_text_1_1 h3 {\r\n        padding-bottom: 60px;\r\n        font-size: var(--tamano3-font-size);\r\n        font-weight: var(--tamano3-font-weight);\r\n        line-height: var(--tamano3-line-height);\r\n        letter-spacing: var(--tamano3-letter-spacing);\r\n        font-family: var(--tamano3-font-family);\r\n        color: var(--color-2-headings-dark);\r\n    }\r\n\r\n    .text_content_text_1_1 h4 {\r\n        padding-bottom: 60px;\r\n        font-size: var(--tamano4-font-size);\r\n        font-weight: var(--tamano4-font-weight);\r\n        line-height: var(--tamano4-line-height);\r\n        letter-spacing: var(--tamano4-letter-spacing);\r\n        font-family: var(--tamano4-font-family);\r\n        color: var(--color-2-headings-dark);\r\n    }\r\n\r\n    .text_content_text_1_1 ul,\r\n    .text_content_text_1_1 ol {\r\n        padding-left: 20px;\r\n    }\r\n\r\n    .text_content_text_1_1 .row .col {\r\n        padding-top: 75px;\r\n        width: 100%;\r\n    }\r\n\r\n\r\n    .text_content_text_1_1 .texto {\r\n        margin-bottom: 50px;\r\n    }\r\n\r\n    .text_content_text_1_1 .texto * {\r\n        padding-bottom: 20px;\r\n    }\r\n\r\n\r\n    .text_content_text_1_1 .row {\r\n        display: flex;\r\n        gap: 0px;\r\n    }\r\n\r\n    .text_content_text_1_1 {\r\n        position: relative;\r\n        background-position: center;\r\n        background-repeat: no-repeat;\r\n        background-size: cover;\r\n        padding: 81px 150px;\r\n        margin-top: -1px;\r\n    }\r\n\r\n    @media (max-width:1750px) {\r\n        .text_content_text_1_1 .row {\r\n            gap: 100px;\r\n        }\r\n    }\r\n\r\n    @media (max-width:1550px) {\r\n        .text_content_text_1_1 {\r\n            padding-left: 50px;\r\n            padding-right: 50px;\r\n        }\r\n    }\r\n\r\n    @media (max-width:1350px) {\r\n        .text_content_text_1_1 .row {\r\n            gap: 30px;\r\n        }\r\n    }\r\n\r\n    @media (max-width:1200px) {\r\n        .text_content_text_1_1 {\r\n            padding-left: 0;\r\n            padding-right: 0;\r\n        }\r\n    }\r\n\r\n    @media (max-width:992px) {\r\n        .text_content_text_1_1 .row .col-left {\r\n            padding-top: 0;\r\n            max-width: 100%;\r\n        }\r\n\r\n        .text_content_text_1_1 .texto {\r\n            margin-bottom: 35px;\r\n        }\r\n\r\n        .text_content_text_1_1 h2 {\r\n            padding-bottom: 40px;\r\n        }\r\n\r\n        .text_content_text_1_1 {\r\n            padding: 40px 0;\r\n        }\r\n\r\n        .text_content_text_1_1 h1 {\r\n            font-size: var(--tamano1-font-size-mobile);\r\n        }\r\n\r\n        .text_content_text_1_1 h2 {\r\n            font-size: var(--tamano2-font-size-mobile);\r\n        }\r\n\r\n        .text_content_text_1_1 h3 {\r\n            font-size: var(--tamano3-font-size-mobile);\r\n        }\r\n\r\n        .text_content_text_1_1 h4 {\r\n            font-size: var(--tamano4-font-size-mobile);\r\n        }\r\n    }\r\n<\/style>\r\n","protected":false},"excerpt":{"rendered":"","protected":false},"author":1,"featured_media":0,"parent":0,"menu_order":0,"comment_status":"open","ping_status":"closed","template":"","meta":{"_acf_changed":false,"iawp_total_views":0,"footnotes":""},"class_list":["post-405","page","type-page","status-publish","hentry"],"acf":[],"yoast_head":"<!-- This site is optimized with the Yoast SEO plugin v27.3 - https:\/\/yoast.com\/product\/yoast-seo-wordpress\/ -->\n<title>Pol\u00edtica de Privacidad de ROALDA GROUP<\/title>\n<meta name=\"description\" content=\"Informaci\u00f3n detallada sobre protecci\u00f3n de datos y derechos del usuario en ROALDA GROUP. Consulta nuestra pol\u00edtica actualizada seg\u00fan RGPD y LOPD-GDD.\" \/>\n<meta name=\"robots\" content=\"noindex, nofollow\" \/>\n<meta property=\"og:locale\" content=\"ca_ES\" \/>\n<meta property=\"og:type\" content=\"article\" \/>\n<meta property=\"og:title\" content=\"Pol\u00edtica de Privacidad de ROALDA GROUP\" \/>\n<meta property=\"og:description\" content=\"Informaci\u00f3n detallada sobre protecci\u00f3n de datos y derechos del usuario en ROALDA GROUP. Consulta nuestra pol\u00edtica actualizada seg\u00fan RGPD y LOPD-GDD.\" \/>\n<meta property=\"og:url\" content=\"https:\/\/roaldagroup.com\/ca\/politica-de-privacitat\/\" \/>\n<meta property=\"og:site_name\" content=\"ROALDA GROUP\" \/>\n<meta property=\"article:modified_time\" content=\"2025-10-09T07:29:20+00:00\" \/>\n<meta name=\"twitter:card\" content=\"summary_large_image\" \/>\n<!-- \/ Yoast SEO plugin. -->","yoast_head_json":{"title":"Pol\u00edtica de Privacidad de ROALDA GROUP","description":"Informaci\u00f3n detallada sobre protecci\u00f3n de datos y derechos del usuario en ROALDA GROUP. Consulta nuestra pol\u00edtica actualizada seg\u00fan RGPD y LOPD-GDD.","robots":{"index":"noindex","follow":"nofollow"},"og_locale":"ca_ES","og_type":"article","og_title":"Pol\u00edtica de Privacidad de ROALDA GROUP","og_description":"Informaci\u00f3n detallada sobre protecci\u00f3n de datos y derechos del usuario en ROALDA GROUP. Consulta nuestra pol\u00edtica actualizada seg\u00fan RGPD y LOPD-GDD.","og_url":"https:\/\/roaldagroup.com\/ca\/politica-de-privacitat\/","og_site_name":"ROALDA GROUP","article_modified_time":"2025-10-09T07:29:20+00:00","twitter_card":"summary_large_image","schema":{"@context":"https:\/\/schema.org","@graph":[{"@type":"WebPage","@id":"https:\/\/roaldagroup.com\/ca\/politica-de-privacitat\/","url":"https:\/\/roaldagroup.com\/ca\/politica-de-privacitat\/","name":"Pol\u00edtica de Privacidad de ROALDA GROUP","isPartOf":{"@id":"https:\/\/roaldagroup.com\/ca\/#website"},"datePublished":"2024-07-24T09:32:45+00:00","dateModified":"2025-10-09T07:29:20+00:00","description":"Informaci\u00f3n detallada sobre protecci\u00f3n de datos y derechos del usuario en ROALDA GROUP. Consulta nuestra pol\u00edtica actualizada seg\u00fan RGPD y LOPD-GDD.","breadcrumb":{"@id":"https:\/\/roaldagroup.com\/ca\/politica-de-privacitat\/#breadcrumb"},"inLanguage":"ca","potentialAction":[{"@type":"ReadAction","target":["https:\/\/roaldagroup.com\/ca\/politica-de-privacitat\/"]}]},{"@type":"BreadcrumbList","@id":"https:\/\/roaldagroup.com\/ca\/politica-de-privacitat\/#breadcrumb","itemListElement":[{"@type":"ListItem","position":1,"name":"Portada","item":"https:\/\/roaldagroup.com\/ca\/"},{"@type":"ListItem","position":2,"name":"Pol\u00edtica de privacitat"}]},{"@type":"WebSite","@id":"https:\/\/roaldagroup.com\/ca\/#website","url":"https:\/\/roaldagroup.com\/ca\/","name":"ROALDA GROUP","description":"","publisher":{"@id":"https:\/\/roaldagroup.com\/ca\/#\/schema\/person\/0e1b9d5d16aaa559efbf42443b6b4a6e"},"potentialAction":[{"@type":"SearchAction","target":{"@type":"EntryPoint","urlTemplate":"https:\/\/roaldagroup.com\/ca\/?s={search_term_string}"},"query-input":{"@type":"PropertyValueSpecification","valueRequired":true,"valueName":"search_term_string"}}],"inLanguage":"ca"},{"@type":["Person","Organization"],"@id":"https:\/\/roaldagroup.com\/ca\/#\/schema\/person\/0e1b9d5d16aaa559efbf42443b6b4a6e","name":"Cliente Apellidos","image":{"@type":"ImageObject","inLanguage":"ca","@id":"https:\/\/roaldagroup.com\/wp-content\/uploads\/2024\/07\/668b9857b2ced_Roalda_Group-removebg-preview.png","url":"https:\/\/roaldagroup.com\/wp-content\/uploads\/2024\/07\/668b9857b2ced_Roalda_Group-removebg-preview.png","contentUrl":"https:\/\/roaldagroup.com\/wp-content\/uploads\/2024\/07\/668b9857b2ced_Roalda_Group-removebg-preview.png","width":439,"height":568,"caption":"Cliente Apellidos"},"logo":{"@id":"https:\/\/roaldagroup.com\/wp-content\/uploads\/2024\/07\/668b9857b2ced_Roalda_Group-removebg-preview.png"}}]}},"_links":{"self":[{"href":"https:\/\/roaldagroup.com\/ca\/wp-json\/wp\/v2\/pages\/405","targetHints":{"allow":["GET"]}}],"collection":[{"href":"https:\/\/roaldagroup.com\/ca\/wp-json\/wp\/v2\/pages"}],"about":[{"href":"https:\/\/roaldagroup.com\/ca\/wp-json\/wp\/v2\/types\/page"}],"author":[{"embeddable":true,"href":"https:\/\/roaldagroup.com\/ca\/wp-json\/wp\/v2\/users\/1"}],"replies":[{"embeddable":true,"href":"https:\/\/roaldagroup.com\/ca\/wp-json\/wp\/v2\/comments?post=405"}],"version-history":[{"count":1,"href":"https:\/\/roaldagroup.com\/ca\/wp-json\/wp\/v2\/pages\/405\/revisions"}],"predecessor-version":[{"id":4261,"href":"https:\/\/roaldagroup.com\/ca\/wp-json\/wp\/v2\/pages\/405\/revisions\/4261"}],"wp:attachment":[{"href":"https:\/\/roaldagroup.com\/ca\/wp-json\/wp\/v2\/media?parent=405"}],"curies":[{"name":"wp","href":"https:\/\/api.w.org\/{rel}","templated":true}]}}